{"id":8260,"date":"2017-09-13T10:47:17","date_gmt":"2017-09-13T10:47:17","guid":{"rendered":"http:\/\/de-about.wordpress.stst\/?page_id=8260"},"modified":"2026-03-23T08:21:45","modified_gmt":"2026-03-23T08:21:45","slug":"impressum","status":"publish","type":"page","link":"https:\/\/www.stepstone.de\/ueber-stepstone\/impressum\/","title":{"rendered":"Impressum"},"content":{"rendered":"\n<div class=\"wp-block-columns\">\n<div class=\"wp-block-column\">\n<h2>The Stepstone Group Deutschland GmbH<\/h2>\n\n\n\n<p>V\u00f6lklinger Stra\u00dfe 1<br>40219 D\u00fcsseldorf<\/p>\n\n\n\n<p><strong>Tel.:<\/strong> 0211 93493-0<br><strong>Fax:<\/strong> 0211 93493-5900<br><strong>E-Mail:<\/strong> info@stepstone.de<\/p>\n\n\n\n<p>AG D\u00fcsseldorf, HRB 64185<br>USt-ID Nummer: DE 813 444 458<\/p>\n\n\n\n<div style=\"height:30px\" aria-hidden=\"true\" class=\"wp-block-spacer\"><\/div>\n\n\n\n<h2>Gesch\u00e4ftsf\u00fchrung<\/h2>\n\n\n\n<p>Jan Neumann<br>J\u00f6rn Slink<\/p>\n\n\n\n<div style=\"height:30px\" aria-hidden=\"true\" class=\"wp-block-spacer\"><\/div>\n\n\n\n<h2><strong>Inhaltlich verantwortlich i.S.v. \u00a718 MStV<\/strong><\/h2>\n\n\n\n<p>Heiner Tent<\/p>\n<\/div>\n\n\n\n<div class=\"wp-block-column\">\n<h2><strong>Zust\u00e4ndige Datenschutzbeh\u00f6rde<\/strong><\/h2>\n\n\n\n<p>Landesbeauftragte f\u00fcr den Datenschutz Nordrhein-Westfalen<br>Postfach 20 04 44<br>40102 D\u00fcsseldorf<\/p>\n\n\n\n<p><strong>Tel.:<\/strong> 0211 384240<br><strong>Webseite:<\/strong>&nbsp;<a rel=\"noreferrer noopener\" href=\"http:\/\/www.ldi.nrw.de\/\" target=\"_blank\">www.ldi.nrw.de<\/a><\/p>\n<\/div>\n<\/div>\n\n\n\n<h3 id=\"h-gesetz-uber-digitale-dienste-nbsp-nbsp-nbsp\"><strong>Gesetz \u00fcber digitale Dienste<\/strong>&nbsp;&nbsp;&nbsp;<\/h3>\n\n\n\n<p><strong>Kontaktstelle:<\/strong>&nbsp;Zentrale Kontaktstelle f\u00fcr die Kommunikation mit den Beh\u00f6rden der EU-Mitgliedstaaten, der Europ\u00e4ischen Kommission und dem Europ\u00e4ischen Ausschuss f\u00fcr digitale Dienste gem\u00e4\u00df Artikel 11 des Gesetzes \u00fcber digitale Dienste:&nbsp;<a href=\"mailto:DSA_Legal@stepstone.com\" target=\"_blank\" rel=\"noreferrer noopener\">DSA_Legal@stepstone.com<\/a>.&nbsp;&nbsp;&nbsp;<\/p>\n\n\n\n<p>Bitte beachten Sie, dass diese Anlaufstelle ausschlie\u00dflich f\u00fcr die Kommunikation mit den oben genannten Beh\u00f6rden im Zusammenhang mit der Anwendung des Gesetzes \u00fcber digitale Dienste vorgesehen ist. Anfragen von anderen Personen oder Institutionen k\u00f6nnen \u00fcber diese Kontaktstelle nicht bearbeitet werden.&nbsp;&nbsp;&nbsp;&nbsp;<\/p>\n\n\n\n<p><\/p>\n\n\n\n<p>Angaben \u00fcber die Userzahlen im Sinne des Art. 24 Abs. 2 Gesetz \u00fcber digitale Dienste: 6.690.598<\/p>\n","protected":false},"excerpt":{"rendered":"<p>The Stepstone Group Deutschland GmbH V\u00f6lklinger Stra\u00dfe 140219 D\u00fcsseldorf Tel.: 0211 93493-0Fax: 0211 93493-5900E-Mail: info@stepstone.de AG D\u00fcsseldorf, HRB 64185USt-ID Nummer: DE 813 444 458 Gesch\u00e4ftsf\u00fchrung Jan NeumannJ\u00f6rn Slink Inhaltlich verantwortlich i.S.v. \u00a718 MStV Heiner Tent Zust\u00e4ndige Datenschutzbeh\u00f6rde Landesbeauftragte f\u00fcr den Datenschutz Nordrhein-WestfalenPostfach 20 04 4440102 D\u00fcsseldorf Tel.: 0211 384240Webseite:&nbsp;www.ldi.nrw.de Gesetz \u00fcber digitale Dienste&nbsp;&nbsp;&nbsp; Kontaktstelle:&nbsp;Zentrale Kontaktstelle [&hellip;]<\/p>\n","protected":false},"author":31,"featured_media":9036,"parent":0,"menu_order":0,"comment_status":"closed","ping_status":"closed","template":"","meta":[],"yst_prominent_words":[],"_links":{"self":[{"href":"https:\/\/www.stepstone.de\/ueber-stepstone\/wp-json\/wp\/v2\/pages\/8260"}],"collection":[{"href":"https:\/\/www.stepstone.de\/ueber-stepstone\/wp-json\/wp\/v2\/pages"}],"about":[{"href":"https:\/\/www.stepstone.de\/ueber-stepstone\/wp-json\/wp\/v2\/types\/page"}],"author":[{"embeddable":true,"href":"https:\/\/www.stepstone.de\/ueber-stepstone\/wp-json\/wp\/v2\/users\/31"}],"replies":[{"embeddable":true,"href":"https:\/\/www.stepstone.de\/ueber-stepstone\/wp-json\/wp\/v2\/comments?post=8260"}],"version-history":[{"count":20,"href":"https:\/\/www.stepstone.de\/ueber-stepstone\/wp-json\/wp\/v2\/pages\/8260\/revisions"}],"predecessor-version":[{"id":15712,"href":"https:\/\/www.stepstone.de\/ueber-stepstone\/wp-json\/wp\/v2\/pages\/8260\/revisions\/15712"}],"wp:featuredmedia":[{"embeddable":true,"href":"https:\/\/www.stepstone.de\/ueber-stepstone\/wp-json\/wp\/v2\/media\/9036"}],"wp:attachment":[{"href":"https:\/\/www.stepstone.de\/ueber-stepstone\/wp-json\/wp\/v2\/media?parent=8260"}],"wp:term":[{"taxonomy":"yst_prominent_words","embeddable":true,"href":"https:\/\/www.stepstone.de\/ueber-stepstone\/wp-json\/wp\/v2\/yst_prominent_words?post=8260"}],"curies":[{"name":"wp","href":"https:\/\/api.w.org\/{rel}","templated":true}]}}