{"id":823,"date":"2017-04-21T09:10:16","date_gmt":"2017-04-21T09:10:16","guid":{"rendered":"http:\/\/de-b2c.wordpress.stst\/?page_id=81"},"modified":"2023-01-26T11:41:57","modified_gmt":"2023-01-26T11:41:57","slug":"facts-and-figures","status":"publish","type":"page","link":"https:\/\/www.stepstone.de\/ueber-stepstone\/facts-and-figures\/","title":{"rendered":"Fakten und Zahlen"},"content":{"rendered":"<div class=\"card__section\">\n<div class=\"row\">\n<div class=\"col-xs-4 in-short__title\">\n<p><strong>Website<\/strong>: <a class=\"secondary-color\" href=\"https:\/\/www.stepstone.de\" target=\"_blank\" rel=\"noopener noreferrer\">https:\/\/www.stepstone.de<\/a><\/p>\n<\/div>\n<\/div>\n<div class=\"row\">\n<div class=\"col-xs-4 in-short__title\">\n<p><strong>Zentrale<\/strong>: V\u00f6lklinger Stra\u00dfe 1, 40219 <span class=\"rhtregexpfind\">D\u00fcsseldorf<\/span>, DE<\/p>\n<p><strong>Weitere Standorte in Deutschland: <\/strong>Berlin, K\u00f6ln, M\u00fcnchen, Paderborn, Hamburg, Frankfurt am Main, M\u00fcnster<strong><br \/>\n<\/strong><\/p>\n<\/div>\n<\/div>\n<div class=\"row\">\n<div class=\"col-xs-4 in-short__title\">\n<p><strong>Unternehmensgr\u00f6\u00dfe weltweit<\/strong>: ca. 4.000 Mitarbeiter<\/p>\n<\/div>\n<\/div>\n<div class=\"row\">\n<div class=\"col-xs-4 in-short__title\"><\/div>\n<\/div>\n<div class=\"row\">\n<div class=\"col-xs-4 in-short__title\"><\/div>\n<\/div>\n<\/div>\n","protected":false},"excerpt":{"rendered":"<p>Website: https:\/\/www.stepstone.de Zentrale: V\u00f6lklinger Stra\u00dfe 1, 40219 D\u00fcsseldorf, DE Weitere Standorte in Deutschland: Berlin, K\u00f6ln, M\u00fcnchen, Paderborn, Hamburg, Frankfurt am Main, M\u00fcnster Unternehmensgr\u00f6\u00dfe weltweit: ca. 4.000 Mitarbeiter<\/p>\n","protected":false},"author":31,"featured_media":0,"parent":0,"menu_order":3,"comment_status":"closed","ping_status":"closed","template":"","meta":[],"yst_prominent_words":[],"_links":{"self":[{"href":"https:\/\/www.stepstone.de\/ueber-stepstone\/wp-json\/wp\/v2\/pages\/823"}],"collection":[{"href":"https:\/\/www.stepstone.de\/ueber-stepstone\/wp-json\/wp\/v2\/pages"}],"about":[{"href":"https:\/\/www.stepstone.de\/ueber-stepstone\/wp-json\/wp\/v2\/types\/page"}],"author":[{"embeddable":true,"href":"https:\/\/www.stepstone.de\/ueber-stepstone\/wp-json\/wp\/v2\/users\/31"}],"replies":[{"embeddable":true,"href":"https:\/\/www.stepstone.de\/ueber-stepstone\/wp-json\/wp\/v2\/comments?post=823"}],"version-history":[{"count":9,"href":"https:\/\/www.stepstone.de\/ueber-stepstone\/wp-json\/wp\/v2\/pages\/823\/revisions"}],"predecessor-version":[{"id":15558,"href":"https:\/\/www.stepstone.de\/ueber-stepstone\/wp-json\/wp\/v2\/pages\/823\/revisions\/15558"}],"wp:attachment":[{"href":"https:\/\/www.stepstone.de\/ueber-stepstone\/wp-json\/wp\/v2\/media?parent=823"}],"wp:term":[{"taxonomy":"yst_prominent_words","embeddable":true,"href":"https:\/\/www.stepstone.de\/ueber-stepstone\/wp-json\/wp\/v2\/yst_prominent_words?post=823"}],"curies":[{"name":"wp","href":"https:\/\/api.w.org\/{rel}","templated":true}]}}