{"id":821,"date":"2017-04-21T09:07:39","date_gmt":"2017-04-21T09:07:39","guid":{"rendered":"http:\/\/de-b2c.wordpress.stst\/?page_id=74"},"modified":"2017-09-18T09:50:49","modified_gmt":"2017-09-18T09:50:49","slug":"our-vision","status":"publish","type":"page","link":"https:\/\/www.stepstone.de\/ueber-stepstone\/our-vision\/","title":{"rendered":"Unsere Unternehmenskultur"},"content":{"rendered":"<p>Wir sind schnell, entscheidungsfreudig und bauen auf die individuellen St\u00e4rken jedes einzelnen StepStoners.<\/p>\n<p>F\u00fcr unseren Erfolg ziehen wir alle an einem Strang \u2013 ob begabte Verk\u00e4ufer, Analysten, kreative K\u00f6pfe oder Experten rund um Webtechnologien. Wir kommunizieren offen und direkt, jeder duzt jeden.<\/p>\n<p>Auf unseren Erfolg sind wir stolz.\u00a0 Zugleich ist es uns wichtig, etwas von unserem Erfolg zur\u00fcckzugeben \u2013 tatkr\u00e4ftig und nat\u00fcrlich gemeinsam setzen wir uns f\u00fcr den guten Zweck ein und unterst\u00fctzen in Teamarbeit wohlt\u00e4tige Organisationen.<\/p>\n","protected":false},"excerpt":{"rendered":"<p>Wir sind schnell, entscheidungsfreudig und bauen auf die individuellen St\u00e4rken jedes einzelnen StepStoners. F\u00fcr unseren Erfolg ziehen wir alle an einem Strang \u2013 ob begabte Verk\u00e4ufer, Analysten, kreative K\u00f6pfe oder Experten rund um Webtechnologien. Wir kommunizieren offen und direkt, jeder duzt jeden. Auf unseren Erfolg sind wir stolz.\u00a0 Zugleich ist es uns wichtig, etwas von [&hellip;]<\/p>\n","protected":false},"author":31,"featured_media":0,"parent":0,"menu_order":0,"comment_status":"closed","ping_status":"closed","template":"","meta":[],"yst_prominent_words":[15,16,17,11,6,18,19,20,14],"_links":{"self":[{"href":"https:\/\/www.stepstone.de\/ueber-stepstone\/wp-json\/wp\/v2\/pages\/821"}],"collection":[{"href":"https:\/\/www.stepstone.de\/ueber-stepstone\/wp-json\/wp\/v2\/pages"}],"about":[{"href":"https:\/\/www.stepstone.de\/ueber-stepstone\/wp-json\/wp\/v2\/types\/page"}],"author":[{"embeddable":true,"href":"https:\/\/www.stepstone.de\/ueber-stepstone\/wp-json\/wp\/v2\/users\/31"}],"replies":[{"embeddable":true,"href":"https:\/\/www.stepstone.de\/ueber-stepstone\/wp-json\/wp\/v2\/comments?post=821"}],"version-history":[{"count":1,"href":"https:\/\/www.stepstone.de\/ueber-stepstone\/wp-json\/wp\/v2\/pages\/821\/revisions"}],"predecessor-version":[{"id":9402,"href":"https:\/\/www.stepstone.de\/ueber-stepstone\/wp-json\/wp\/v2\/pages\/821\/revisions\/9402"}],"wp:attachment":[{"href":"https:\/\/www.stepstone.de\/ueber-stepstone\/wp-json\/wp\/v2\/media?parent=821"}],"wp:term":[{"taxonomy":"yst_prominent_words","embeddable":true,"href":"https:\/\/www.stepstone.de\/ueber-stepstone\/wp-json\/wp\/v2\/yst_prominent_words?post=821"}],"curies":[{"name":"wp","href":"https:\/\/api.w.org\/{rel}","templated":true}]}}