{"id":14185,"date":"2021-11-11T14:34:04","date_gmt":"2021-11-11T14:34:04","guid":{"rendered":"https:\/\/www.stepstone.de\/ueber-stepstone\/?page_id=14185"},"modified":"2021-11-11T14:34:05","modified_gmt":"2021-11-11T14:34:05","slug":"arbeiten-von-wo-du-willst-haken-dran","status":"publish","type":"page","link":"https:\/\/www.stepstone.de\/ueber-stepstone\/arbeiten-von-wo-du-willst-haken-dran\/","title":{"rendered":"Arbeiten von wo du willst: Haken dran"},"content":{"rendered":"\n<style>\n.page-id-14185 .mex-container-full .mex-padding-top-l {padding-top:0!important}\n.page-id-14185 .mex-masterfooter-full .mex-padding-top-l {1.875rem!important}\n.page-id-14185 .wow .mex-fill-white {background-color: transparent!important}\n.is-style-fullwidth-container .wp-block-image {margin-bottom: 0!important;}\n.page-id-14185 .mex-margin-bottom-none figure {margin-bottom: 0!important}\n.page-id-14185 .wow .mex-fill-white .mex-card__block {padding:0}\n.page-id-14185 .wow .mex-fill-white h1 {color:#ffffff!important;}\n.page-id-14185 .mt--7 {margin-top:-7px}\n.page-id-14185 .hero-overlay {background-color: #ffffff; padding: 20px; margin-top: -7%; margin-bottom: 30px; position: relative; opacity: 1;}\n.page-id-14185 .circle-icon .wp-block-column {text-align:center;}\n.page-id-14185 .circle-icon svg {background-color: #0c2577; border-radius: 100%; padding: 12px;}\n.page-id-14185 .circular-square {text-align:center;}\n.page-id-14185 .circular-square img {border-radius: 50%; max-width: 170px}\n.mex-box-shadow {-webkit-box-shadow: 0 6px 12px 0 rgba(0,0,0,.15)!important;box-shadow: 0 6px 12px 0 rgba(0,0,0,.15)!important;}\n.page-id-14185 .b2b-teaser .mex-card__block h2 a {text-decoration: none;}\n@media (min-width: 782px){\n.page-id-14185 .wow .mex-fill-white h1 {font-size: 2.5rem!important}}\n@media (max-width: 782px){\n.page-id-14185 h2 {margin-top:12px!important}\n.page-id-14185 .mobile-center {text-align:center!important}}\n<\/style>\n\n\n\n<div style=\"height:31px\" aria-hidden=\"true\" class=\"wp-block-spacer\"><\/div>\n\n\n\n<div class=\"wp-block-group hero is-style-fullwidth-container\"><div class=\"wp-block-group__inner-container\">\n<style>\n.header-card__title::after {\n  content: \" \\A Jetzt Jobs nach Home-Office-M\u00f6glichkeit und Pendelzeit filtern. \";\nwhite-space: pre;\nfont-size: 16px; \n}\n\n@media (max-width: 782px){\n.header-card__title::after {\n  content: \" \\A Jetzt Jobs nach Home-Office-M\u00f6glichkeit \\A und Pendelzeit filtern. \";\n} \n}\n\n.mex-tabs-nav {\ndisplay: none; }\n\n.mex-breadcrumb {\ndisplay: none; \n}\n\n.mex-padding-bottom-l {\npadding-bottom: 0 !important; \n} \n\n.mex-padding-top-s {\npadding-bottom: 0 !important; \n}\n\n\n<\/style>\n<\/div><\/div>\n\n\n\n<div class=\"wp-block-group\"><div class=\"wp-block-group__inner-container\">\n<h2 class=\"has-text-align-left\">F\u00fcr mehr Flexibilit\u00e4t im Arbeitsleben: Unser neuer Home-Office- und Pendelzeit-Filter<\/h2>\n\n\n\n<p class=\"has-text-align-left\">Schon gewusst? Mehr als 80 Prozent der Arbeitnehmer*innen m\u00f6chten selbstst\u00e4ndig entscheiden, ob sie ins B\u00fcro gehen oder lieber aus dem Home-Office arbeiten.&nbsp;<br>Unsere Arbeitswelt befindet sich im Wandel. Besonders die Arbeit im&nbsp;<strong>Home-Office<\/strong>&nbsp;und die&nbsp;<strong>Pendelzeit<\/strong>&nbsp;zum Arbeitsplatz sind Themen, die in den vergangenen Monaten f\u00fcr viele von uns an Bedeutung gewonnen haben.&nbsp;Denn Pendelzeit ist Lebenszeit und Home-Office eine M\u00f6glichkeit, den Arbeitstag an das eigene Leben anzupassen. <br>Unsere neuen Filter helfen dabei, nach genau diesen Kriterien zu filtern und so noch schneller den richtigen Job zu finden.<\/p>\n<\/div><\/div>\n\n\n\n<div style=\"height:55px\" aria-hidden=\"true\" class=\"wp-block-spacer\"><\/div>\n\n\n\n<div style=\"height:20px\" aria-hidden=\"true\" class=\"wp-block-spacer\"><\/div>\n\n\n\n<div class=\"wp-block-group mex-grid__unit\"><div class=\"wp-block-group__inner-container\">\n<div class=\"wp-block-columns mex-grid__unit--10of12@medium mx-auto\">\n<div class=\"wp-block-column\">\n<h2 class=\"has-text-align-center\">Pendelzeit-Filter<\/h2>\n\n\n\n<p class=\"has-text-align-center\">Egal, wie du zur Arbeit kommst \u2013 mit dem neuen Pendelzeit-Filter kannst du bei der Jobsuche auf StepStone bestimmen, wie viel Zeit du f\u00fcr den Arbeitsweg einplanen m\u00f6chtest. W\u00e4hle dazu einfach deine Startadresse, die maximale Dauer der gew\u00fcnschten Pendelzeit und die Art, wie du zur Arbeit kommst. Wir finden f\u00fcr dich die passenden Jobs und berechnen deinen Arbeitsweg \u2013 ob mit Auto, \u00f6ffentlichen Verkehrsmitteln, Fahrrad oder zu Fu\u00df.&nbsp;<\/p>\n\n\n\n<div class=\"wp-block-image\"><figure class=\"aligncenter size-full is-resized\"><a href=\"https:\/\/www.stepstone.de\"><img loading=\"lazy\" src=\"https:\/\/www.stepstone.de\/ueber-stepstone\/wp-content\/uploads\/2021\/10\/commute-filter-1200.jpg\" alt=\"\" class=\"wp-image-14203\" width=\"280\" height=\"197\" srcset=\"https:\/\/www.stepstone.de\/ueber-stepstone\/wp-content\/uploads\/2021\/10\/commute-filter-1200.jpg 1201w, https:\/\/www.stepstone.de\/ueber-stepstone\/wp-content\/uploads\/2021\/10\/commute-filter-1200-300x210.jpg 300w, https:\/\/www.stepstone.de\/ueber-stepstone\/wp-content\/uploads\/2021\/10\/commute-filter-1200-1024x718.jpg 1024w, https:\/\/www.stepstone.de\/ueber-stepstone\/wp-content\/uploads\/2021\/10\/commute-filter-1200-768x538.jpg 768w\" sizes=\"(max-width: 280px) 100vw, 280px\" \/><\/a><\/figure><\/div>\n<\/div>\n\n\n\n<div class=\"wp-block-column\">\n<h2 class=\"has-text-align-center\">Home-Office-Filter<\/h2>\n\n\n\n<p class=\"has-text-align-center\">Bei der Jobsuche direkt nach Home-Office-M\u00f6glichkeit filtern? Das ist mit unserer neuen Filterfunktion kein Problem mehr. Jetzt kannst du bei deiner Jobsuche auf StepStone ausw\u00e4hlen, ob du bei deinem neuen Job die M\u00f6glichkeit auf Home-Office haben m\u00f6chtest oder ob Home-Office sogar von deinem zuk\u00fcnftigen Arbeitgeber gew\u00fcnscht wird. Einfach H\u00e4kchen setzen und den richtigen Job mit Home-Office-Option finden.&nbsp; &nbsp;<\/p>\n\n\n\n<div class=\"wp-block-image\"><figure class=\"aligncenter size-full is-resized\"><a href=\"https:\/\/www.stepstone.de\"><img loading=\"lazy\" src=\"https:\/\/www.stepstone.de\/ueber-stepstone\/wp-content\/uploads\/2021\/10\/home-office-filter-1200.jpg\" alt=\"\" class=\"wp-image-14202\" width=\"262\" height=\"183\" srcset=\"https:\/\/www.stepstone.de\/ueber-stepstone\/wp-content\/uploads\/2021\/10\/home-office-filter-1200.jpg 1200w, https:\/\/www.stepstone.de\/ueber-stepstone\/wp-content\/uploads\/2021\/10\/home-office-filter-1200-300x211.jpg 300w, https:\/\/www.stepstone.de\/ueber-stepstone\/wp-content\/uploads\/2021\/10\/home-office-filter-1200-1024x719.jpg 1024w, https:\/\/www.stepstone.de\/ueber-stepstone\/wp-content\/uploads\/2021\/10\/home-office-filter-1200-768x539.jpg 768w\" sizes=\"(max-width: 262px) 100vw, 262px\" \/><\/a><\/figure><\/div>\n<\/div>\n<\/div>\n<\/div><\/div>\n\n\n\n<div style=\"height:20px\" aria-hidden=\"true\" class=\"wp-block-spacer\"><\/div>\n\n\n\n<span class=\"mex-flex mex-flex--justify-content-center\"><a class=\"mex-button mex-button--block mex-button--inline-block@medium mex-button--primary\" href=\"https:\/\/www.stepstone.de\">Jetzt den richtigen Job finden<\/a><\/span>\n\n\n\n<div class=\"wp-block-group\"><div class=\"wp-block-group__inner-container\">\n<div style=\"height:30px\" aria-hidden=\"true\" class=\"wp-block-spacer\"><\/div>\n\n\n\n<p><\/p>\n\n\n\n<h2 class=\"has-text-align-center\">Studien<\/h2>\n\n\n\n<p class=\"has-text-align-center\">In unserer <a href=\"https:\/\/www.stepstone.de\/wissen\/flexible-heimarbeit\/\">Jobstudie 2021<\/a> haben wir uns genauer angeschaut, was Besch\u00e4ftigten bei der Jobsuche und im Bewerbungsprozess wichtig ist.&nbsp;<\/p>\n\n\n\n<div style=\"height:30px\" aria-hidden=\"true\" class=\"wp-block-spacer\"><\/div>\n\n\n\n<div class=\"wp-block-columns\">\n<div class=\"wp-block-column\">\n<p class=\"has-text-align-center mex-fill-off-white mex-padding-all-l\">Fast zwei Drittel m\u00f6chten im Job die M\u00f6glichkeit haben, regelm\u00e4\u00dfig im Home-Office zu arbeiten.<\/p>\n\n\n\n<div style=\"height:43px\" aria-hidden=\"true\" class=\"wp-block-spacer\"><\/div>\n\n\n\n<p><\/p>\n<\/div>\n\n\n\n<div class=\"wp-block-column\">\n<p class=\"has-text-align-center mex-fill-off-white mex-padding-all-l\">74 Prozent der Befragten w\u00fcnschen sich die M\u00f6glichkeit, im Home-Office zu arbeiten, damit sie Zeit sparen.&nbsp;<\/p>\n\n\n\n<div style=\"height:43px\" aria-hidden=\"true\" class=\"wp-block-spacer\"><\/div>\n\n\n\n<p><\/p>\n<\/div>\n\n\n\n<div class=\"wp-block-column\">\n<p class=\"has-text-align-center mex-fill-off-white mex-padding-all-l\">Fast drei Viertel legen bei der Jobwahl gro\u00dfen Wert auf flexible Arbeitsmodelle.<\/p>\n\n\n\n<div style=\"height:43px\" aria-hidden=\"true\" class=\"wp-block-spacer\"><\/div>\n\n\n\n<p><\/p>\n<\/div>\n<\/div>\n\n\n\n<div style=\"height:30px\" aria-hidden=\"true\" class=\"wp-block-spacer\"><\/div>\n<\/div><\/div>\n\n\n\n<div class=\"wp-block-columns\">\n<div class=\"wp-block-column\" style=\"flex-basis:66.66%\"><\/div>\n\n\n\n<div class=\"wp-block-column\" style=\"flex-basis:33.33%\"><\/div>\n<\/div>\n\n\n\n<div class=\"wp-block-group alignwide mex-fill-grey-lighter\"><div class=\"wp-block-group__inner-container\">\n<div class=\"is-style-fullwidth stepstone-page-bg\">\n<div class=\"mex-container\">\n<img src=\"https:\/\/www.stepstone.de\/ueber-stepstone\/wp-content\/uploads\/2021\/11\/MicrosoftTeams-image.png\" class=\"my-stepstone-img\" style=\"\"> \n <\/div> \n<\/div>\n\n\n\n<style>\n.is-style-fullwidth {\nwidth: 100vw !important;  \n} \n\n@media (min-width: 768px) {\n.is-style-fullwidth { \nleft: 48.9% !important; \n}\n\n.is-style-fullwidth .mex-container img {\n    width: 475px !important;\n}\n\n.my-stepstone-img img {\nwidth: 475px !important;\n  height: auto !important;\n}\n\n}\n\n.is-style-fullwidth img {\nwidth: 100% !important;  \n} \n\n.mex-fill-off-white {\n    background-color: #f5f5f5!important;\n    margin-bottom: -35px !important;\n}\n\n.mex-fill-grey-lighter {\n    background-color: #0c2577 !important;\n}\n\n@media (max-width: 782px){\n.is-style-fullwidth {\n    width: 100vw !important;\n    left: 0;  \n    margin-left: -17vw !important;\n}\n\n.mex-fill-grey-lighter {\n    background-color: #fff !important;\n}\n\n.my-stepstone-img {\nwidth: 100% !important;\n  height: auto !important;\n}\n\n\n\n}\n\n.stepstone-page-bg {\nbackground-image: url(\"https:\/\/www.stepstone.de\/ueber-stepstone\/wp-content\/uploads\/2020\/09\/polygon.jpg\");\nheight: 345px; \n    margin-bottom: 23px;\n}\n\n.my-stepstone-img {\nwidth: auto !important; \nheight: 250px; \ndisplay: block; \nmargin-left: auto; \nmargin-right: auto; \npadding-top: 60px;\n}\n\n@media (max-width: 782px){\n\n.my-stepstone-img {\nwidth: 100% !important;\n  height: auto;\n}\n\n.stepstone-page-bg {\n    \/* height: 280px; *\/ \n}\n\n.is-style-fullwidth {\n    margin-left: -16vw !important;\n}\n\n}\n\n\/* Portrait and Landscape *\/\n@media only screen \n  and (min-device-width: 783px) \n  and (max-device-width: 1024px) \n  and (-webkit-min-device-pixel-ratio: 1) {\n.is-style-fullwidth {\n    margin-left: -49vw !important;\n}\n\n.stepstone-page-bg {\n    height: 345px;\n}\n\n}\n\n\n<\/style>\n<\/div><\/div>\n","protected":false},"excerpt":{"rendered":"<p>F\u00fcr mehr Flexibilit\u00e4t im Arbeitsleben: Unser neuer Home-Office- und Pendelzeit-Filter Schon gewusst? Mehr als 80 Prozent der Arbeitnehmer*innen m\u00f6chten selbstst\u00e4ndig entscheiden, ob sie ins B\u00fcro gehen oder lieber aus dem Home-Office arbeiten.&nbsp;Unsere Arbeitswelt befindet sich im Wandel. Besonders die Arbeit im&nbsp;Home-Office&nbsp;und die&nbsp;Pendelzeit&nbsp;zum Arbeitsplatz sind Themen, die in den vergangenen Monaten f\u00fcr viele von uns an [&hellip;]<\/p>\n","protected":false},"author":15,"featured_media":12701,"parent":0,"menu_order":13,"comment_status":"closed","ping_status":"closed","template":"","meta":[],"yst_prominent_words":[],"_links":{"self":[{"href":"https:\/\/www.stepstone.de\/ueber-stepstone\/wp-json\/wp\/v2\/pages\/14185"}],"collection":[{"href":"https:\/\/www.stepstone.de\/ueber-stepstone\/wp-json\/wp\/v2\/pages"}],"about":[{"href":"https:\/\/www.stepstone.de\/ueber-stepstone\/wp-json\/wp\/v2\/types\/page"}],"author":[{"embeddable":true,"href":"https:\/\/www.stepstone.de\/ueber-stepstone\/wp-json\/wp\/v2\/users\/15"}],"replies":[{"embeddable":true,"href":"https:\/\/www.stepstone.de\/ueber-stepstone\/wp-json\/wp\/v2\/comments?post=14185"}],"version-history":[{"count":257,"href":"https:\/\/www.stepstone.de\/ueber-stepstone\/wp-json\/wp\/v2\/pages\/14185\/revisions"}],"predecessor-version":[{"id":14562,"href":"https:\/\/www.stepstone.de\/ueber-stepstone\/wp-json\/wp\/v2\/pages\/14185\/revisions\/14562"}],"wp:featuredmedia":[{"embeddable":true,"href":"https:\/\/www.stepstone.de\/ueber-stepstone\/wp-json\/wp\/v2\/media\/12701"}],"wp:attachment":[{"href":"https:\/\/www.stepstone.de\/ueber-stepstone\/wp-json\/wp\/v2\/media?parent=14185"}],"wp:term":[{"taxonomy":"yst_prominent_words","embeddable":true,"href":"https:\/\/www.stepstone.de\/ueber-stepstone\/wp-json\/wp\/v2\/yst_prominent_words?post=14185"}],"curies":[{"name":"wp","href":"https:\/\/api.w.org\/{rel}","templated":true}]}}