{"id":13684,"date":"2021-06-10T14:10:33","date_gmt":"2021-06-10T14:10:33","guid":{"rendered":"https:\/\/www.stepstone.de\/ueber-stepstone\/?page_id=13684"},"modified":"2021-06-10T14:10:34","modified_gmt":"2021-06-10T14:10:34","slug":"noch-schneller-bewerben","status":"publish","type":"page","link":"https:\/\/www.stepstone.de\/ueber-stepstone\/noch-schneller-bewerben\/","title":{"rendered":"Jetzt noch schneller bewerben \u2013 StepStone macht&#8217;s m\u00f6glich!"},"content":{"rendered":"\n<style>\n.page-id-13684 .mex-card {flex: 1;}\n.mex-fill-greylight {background-color:#f5f5f5}\n.page-id-13684 .mex-container .mex-padding-bottom-l {padding-bottom:0!important}\n.page-id-13684 button.accordion{border-bottom: 1px solid #dcdfe2;}\n.page-id-13684 .flex1 {flex: 1 1 0%; -ms-flex: 1 1 0%}\n.page-id-13684 .stretch {align-self:stretch!important}\n.custom-mex-badge {display: inline-block; vertical-align: middle; padding: 0.1875rem 0.375rem 0.25rem; border: 1px solid #b3b9c1; border-radius: 0.1875rem; background-color: #eef0f1; color: #222222; font-weight: 600; font-size: 10px; line-height: 12px; text-decoration: none; text-transform: uppercase;}\n.custom-mex-badge--brand-green {background: #E4EFD1; border-color: #7aae1a;}\n<\/style>\n\n\n\n<div class=\"wp-block-image\"><figure class=\"aligncenter size-large\"><img loading=\"lazy\" width=\"1024\" height=\"676\" src=\"https:\/\/www.stepstone.de\/ueber-stepstone\/wp-content\/uploads\/2021\/06\/job-search-opt-1024x676.png\" alt=\"\" class=\"wp-image-13685\" srcset=\"https:\/\/www.stepstone.de\/ueber-stepstone\/wp-content\/uploads\/2021\/06\/job-search-opt-1024x676.png 1024w, https:\/\/www.stepstone.de\/ueber-stepstone\/wp-content\/uploads\/2021\/06\/job-search-opt-300x198.png 300w, https:\/\/www.stepstone.de\/ueber-stepstone\/wp-content\/uploads\/2021\/06\/job-search-opt-768x507.png 768w, https:\/\/www.stepstone.de\/ueber-stepstone\/wp-content\/uploads\/2021\/06\/job-search-opt-1536x1014.png 1536w, https:\/\/www.stepstone.de\/ueber-stepstone\/wp-content\/uploads\/2021\/06\/job-search-opt.png 1679w\" sizes=\"(max-width: 1024px) 100vw, 1024px\" \/><\/figure><\/div>\n\n\n\n<p>H\u00e4tten Sie geglaubt, dass 50 % der Kandidat*innen einen Bewerbungsprozess abbrechen, wenn sie diesen als zu komplex empfinden oder wenn sie zur Vervollst\u00e4ndigung Ihrer Daten auf weitere Seiten geleitet werden? <strong>Bei StepStone geht es nun ganz schnell mit der Bewerbung!<\/strong><\/p>\n\n\n\n<div class=\"is-style-fullwidth-container mex-text-center\"><a class=\"mex-button\" href=\"https:\/\/www.stepstone.de\/candidate\/login?login_source=Homepage_top-login&amp;intcid=Button_productnews-salary_Login\">Schneller Bewerben<\/a><\/div>\n\n\n\n<div style=\"height:60px\" aria-hidden=\"true\" class=\"wp-block-spacer\"><\/div>\n\n\n\n<div style=\"height:22px\" aria-hidden=\"true\" class=\"wp-block-spacer\"><\/div>\n\n\n\n<h3 class=\"has-text-align-center\">Bewerbungsprozesse sehen manchmal so aus \u2013 aber nicht mehr bei uns!<\/h3>\n\n\n\n<div style=\"height:20px\" aria-hidden=\"true\" class=\"wp-block-spacer\"><\/div>\n\n\n\n<div class=\"wp-block-columns are-vertically-aligned-top mex-grid--vertical-align-stretch\">\n<div class=\"wp-block-column is-vertically-aligned-top mex-text-center mex-card mex-padding-all-s mex-grid__unit stretch\">\n<div class=\"wp-block-image\"><figure class=\"aligncenter size-large is-resized\"><img loading=\"lazy\" src=\"https:\/\/www.stepstone.de\/content\/de\/de\/wp_svg\/streamline-icon-desktop-monitor-clock%4090x90.svg\" alt=\"\" width=\"70\" height=\"70\"\/><\/figure><\/div>\n\n\n\n<p class=\"has-text-align-center\"><span class=\"mex-text-brand\"><strong>Raubt Zeit und ist l\u00e4stig<\/strong><\/span><\/p>\n<\/div>\n\n\n\n<div class=\"wp-block-column is-vertically-aligned-top mex-text-center mex-card mex-padding-all-s mex-grid__unit stretch\">\n<div class=\"wp-block-image\"><figure class=\"aligncenter size-large is-resized\"><img loading=\"lazy\" src=\"https:\/\/www.stepstone.de\/content\/de\/de\/wp_svg\/streamline-icon-navigation-right-circle%4090x90.svg\" alt=\"\" width=\"70\" height=\"70\"\/><\/figure><\/div>\n\n\n\n<p class=\"has-text-align-center\"><span class=\"mex-text-brand\"><strong>Weiterleitung auf die Karriereseite des Unternehmens<\/strong><\/span><\/p>\n<\/div>\n\n\n\n<div class=\"wp-block-column is-vertically-aligned-top mex-text-center mex-card mex-padding-all-s mex-grid__unit stretch\">\n<div class=\"wp-block-image\"><figure class=\"aligncenter size-large is-resized\"><img loading=\"lazy\" src=\"https:\/\/www.stepstone.de\/content\/de\/de\/wp_svg\/streamline-icon-common-file-text-upload%4090x90.svg\" alt=\"\" width=\"70\" height=\"70\"\/><\/figure><\/div>\n\n\n\n<p class=\"has-text-align-center\"><span class=\"mex-text-brand\"><strong>Hochladen von Bewerbungsunterlagen<\/strong><\/span><\/p>\n<\/div>\n<\/div>\n\n\n\n<div style=\"height:20px\" aria-hidden=\"true\" class=\"wp-block-spacer\"><\/div>\n\n\n\n<p>Bei StepStone glauben wir daran, dass der Weg zum neuen Job so einfach wie m\u00f6glich sein sollte.&nbsp;Wir haben an einer geeigneten L\u00f6sung gearbeitet &#8211; mit Erfolg! Mit uns k\u00f6nnen Sie ab jetzt den <strong>Bewerbungsprozess erheblich verk\u00fcrzen<\/strong> und somit Zeit sparen.<\/p>\n\n\n\n<div style=\"height:30px\" aria-hidden=\"true\" class=\"wp-block-spacer\"><\/div>\n\n\n\n<h2 class=\"has-text-align-left\">Was ist die Schnelle Bewerbung?<\/h2>\n\n\n\n<p>Sobald Sie auf &#8220;Bewerbung starten&#8221; klicken, \u00f6ffnet sich unsere Bewerbungsform, die bereits mit Ihren Daten ausgef\u00fcllt ist. Diese m\u00fcssen nur noch \u00fcberpr\u00fcft und best\u00e4tigt werden. Die Bewerbung kann nun abgeschickt werden.&nbsp;<\/p>\n\n\n\n<div style=\"height:30px\" aria-hidden=\"true\" class=\"wp-block-spacer\"><\/div>\n\n\n\n<h2>Welche Stellen bieten die Schnelle Bewerbung?<\/h2>\n\n\n\n<p>Unsere Stellen, die \u00fcber die Schnelle Bewerbung laufen, sind mit einem <span class=\"custom-mex-badge  custom-mex-badge--brand-green\">gr\u00fcnen Label<\/span> versehen.<\/p>\n\n\n\n<div style=\"height:60px\" aria-hidden=\"true\" class=\"wp-block-spacer\"><\/div>\n\n\n\n<div class=\"wp-block-group is-style-fullwidth-container polygon-bg mex-text-white mex-text-center\"><div class=\"wp-block-group__inner-container\">\n<div style=\"height:60px\" aria-hidden=\"true\" class=\"wp-block-spacer\"><\/div>\n\n\n\n<h2 class=\"has-text-align-center mex-text-white mex-margin-top-none\">Was ist entscheidend bei der Schnellen Bewerbung?<\/h2>\n\n\n\n<p class=\"has-text-align-center\">Bevor Sie die Schnelle Bewerbung nutzen k\u00f6nnen, m\u00fcssen Sie sich einloggen bzw. registrieren.<\/p>\n\n\n\n<a class=\"mex-button\" href=\"https:\/\/www.stepstone.de\/candidate\/login?login_source=Homepage_top-login&amp;intcid=Button_productnews-salary_Login\">Zum Login<\/a>\n\n\n\n<div style=\"height:60px\" aria-hidden=\"true\" class=\"wp-block-spacer\"><\/div>\n<\/div><\/div>\n\n\n\n<div style=\"height:60px\" aria-hidden=\"true\" class=\"wp-block-spacer\"><\/div>\n\n\n\n<div class=\"wp-block-columns are-vertically-aligned-center\">\n<div class=\"wp-block-column is-vertically-aligned-center\" style=\"flex-basis:18%\">\n<div class=\"wp-block-image\"><figure class=\"aligncenter size-large is-resized\"><img loading=\"lazy\" src=\"https:\/\/www.stepstone.de\/content\/de\/de\/wp_svg\/streamline-icon-stopwatch%4090x90.svg\" alt=\"\" width=\"105\" height=\"105\"\/><\/figure><\/div>\n<\/div>\n\n\n\n<div class=\"wp-block-column is-vertically-aligned-center\" style=\"flex-basis:82%\">\n<h2 class=\"mex-margin-top-none\">Jetzt 3x schneller bewerben!<\/h2>\n\n\n\n<p>Sparen Sie wertvolle Zeit bei Ihrer Bewerbung!<\/p>\n\n\n\n<a class=\"mex-button\" href=\"https:\/\/www.stepstone.de\/candidate\/login?login_source=Homepage_top-login&amp;intcid=Button_productnews-salary_Login\">Schnell Bewerben<\/a>\n<\/div>\n<\/div>\n\n\n\n<div style=\"height:30px\" aria-hidden=\"true\" class=\"wp-block-spacer\"><\/div>\n","protected":false},"excerpt":{"rendered":"<p>H\u00e4tten Sie geglaubt, dass 50 % der Kandidat*innen einen Bewerbungsprozess abbrechen, wenn sie diesen als zu komplex empfinden oder wenn sie zur Vervollst\u00e4ndigung Ihrer Daten auf weitere Seiten geleitet werden? Bei StepStone geht es nun ganz schnell mit der Bewerbung! Schneller Bewerben Bewerbungsprozesse sehen manchmal so aus \u2013 aber nicht mehr bei uns! Raubt Zeit [&hellip;]<\/p>\n","protected":false},"author":15,"featured_media":13686,"parent":0,"menu_order":0,"comment_status":"closed","ping_status":"closed","template":"","meta":[],"yst_prominent_words":[],"_links":{"self":[{"href":"https:\/\/www.stepstone.de\/ueber-stepstone\/wp-json\/wp\/v2\/pages\/13684"}],"collection":[{"href":"https:\/\/www.stepstone.de\/ueber-stepstone\/wp-json\/wp\/v2\/pages"}],"about":[{"href":"https:\/\/www.stepstone.de\/ueber-stepstone\/wp-json\/wp\/v2\/types\/page"}],"author":[{"embeddable":true,"href":"https:\/\/www.stepstone.de\/ueber-stepstone\/wp-json\/wp\/v2\/users\/15"}],"replies":[{"embeddable":true,"href":"https:\/\/www.stepstone.de\/ueber-stepstone\/wp-json\/wp\/v2\/comments?post=13684"}],"version-history":[{"count":13,"href":"https:\/\/www.stepstone.de\/ueber-stepstone\/wp-json\/wp\/v2\/pages\/13684\/revisions"}],"predecessor-version":[{"id":13750,"href":"https:\/\/www.stepstone.de\/ueber-stepstone\/wp-json\/wp\/v2\/pages\/13684\/revisions\/13750"}],"wp:featuredmedia":[{"embeddable":true,"href":"https:\/\/www.stepstone.de\/ueber-stepstone\/wp-json\/wp\/v2\/media\/13686"}],"wp:attachment":[{"href":"https:\/\/www.stepstone.de\/ueber-stepstone\/wp-json\/wp\/v2\/media?parent=13684"}],"wp:term":[{"taxonomy":"yst_prominent_words","embeddable":true,"href":"https:\/\/www.stepstone.de\/ueber-stepstone\/wp-json\/wp\/v2\/yst_prominent_words?post=13684"}],"curies":[{"name":"wp","href":"https:\/\/api.w.org\/{rel}","templated":true}]}}