{"id":13447,"date":"2021-04-23T14:25:01","date_gmt":"2021-04-23T14:25:01","guid":{"rendered":"https:\/\/www.stepstone.de\/ueber-stepstone\/?page_id=13447"},"modified":"2023-05-25T10:34:18","modified_gmt":"2023-05-25T10:34:18","slug":"privatsphaere","status":"publish","type":"page","link":"https:\/\/www.stepstone.de\/ueber-stepstone\/privatsphaere\/","title":{"rendered":"Cookies"},"content":{"rendered":"\n<h2><\/h2>\n\n\n\n<p><strong>Ihre Privatsph\u00e4re ist uns wichtig!<\/strong><\/p>\n\n\n\n<p>Unter nachfolgendem Link sehen Sie die von Ihnen vorgenommenen Einstellungen:<\/p>\n\n\n\n<a href=\"#\" onclick=\"utag.gdpr.showConsentPreferences();return false\">Privatsph\u00e4re-Einstellungen<\/a>\n\n\n\n<p><\/p>\n\n\n\n<p>Dort haben Sie auch jederzeit die M\u00f6glichkeit, Ihre Einstellungen zu \u00e4ndern.<\/p>\n\n\n\n<p>Weitere Informationen finden Sie in der\u00a0<a href=\"https:\/\/www.stepstone.de\/e-recruiting\/rechtliches\/cookie-policy\/\" data-type=\"URL\" data-id=\"https:\/\/www.stepstone.de\/e-recruiting\/rechtliches\/cookie-policy\/\">Cookie Policy<\/a>.<\/p>\n","protected":false},"excerpt":{"rendered":"<p>Ihre Privatsph\u00e4re ist uns wichtig! Unter nachfolgendem Link sehen Sie die von Ihnen vorgenommenen Einstellungen: Privatsph\u00e4re-Einstellungen Dort haben Sie auch jederzeit die M\u00f6glichkeit, Ihre Einstellungen zu \u00e4ndern. Weitere Informationen finden Sie in der\u00a0Cookie Policy.<\/p>\n","protected":false},"author":19,"featured_media":0,"parent":0,"menu_order":0,"comment_status":"closed","ping_status":"closed","template":"","meta":[],"yst_prominent_words":[],"_links":{"self":[{"href":"https:\/\/www.stepstone.de\/ueber-stepstone\/wp-json\/wp\/v2\/pages\/13447"}],"collection":[{"href":"https:\/\/www.stepstone.de\/ueber-stepstone\/wp-json\/wp\/v2\/pages"}],"about":[{"href":"https:\/\/www.stepstone.de\/ueber-stepstone\/wp-json\/wp\/v2\/types\/page"}],"author":[{"embeddable":true,"href":"https:\/\/www.stepstone.de\/ueber-stepstone\/wp-json\/wp\/v2\/users\/19"}],"replies":[{"embeddable":true,"href":"https:\/\/www.stepstone.de\/ueber-stepstone\/wp-json\/wp\/v2\/comments?post=13447"}],"version-history":[{"count":11,"href":"https:\/\/www.stepstone.de\/ueber-stepstone\/wp-json\/wp\/v2\/pages\/13447\/revisions"}],"predecessor-version":[{"id":15592,"href":"https:\/\/www.stepstone.de\/ueber-stepstone\/wp-json\/wp\/v2\/pages\/13447\/revisions\/15592"}],"wp:attachment":[{"href":"https:\/\/www.stepstone.de\/ueber-stepstone\/wp-json\/wp\/v2\/media?parent=13447"}],"wp:term":[{"taxonomy":"yst_prominent_words","embeddable":true,"href":"https:\/\/www.stepstone.de\/ueber-stepstone\/wp-json\/wp\/v2\/yst_prominent_words?post=13447"}],"curies":[{"name":"wp","href":"https:\/\/api.w.org\/{rel}","templated":true}]}}