{"id":13347,"date":"2021-04-20T11:58:00","date_gmt":"2021-04-20T11:58:00","guid":{"rendered":"https:\/\/www.stepstone.de\/ueber-stepstone\/?page_id=13347"},"modified":"2022-01-13T09:49:51","modified_gmt":"2022-01-13T09:49:51","slug":"product-news-gehaltsplaner","status":"publish","type":"page","link":"https:\/\/www.stepstone.de\/ueber-stepstone\/product-news-gehaltsplaner\/","title":{"rendered":"Finden Sie heraus, wie Sie Ihr Gehalt steigern k\u00f6nnen."},"content":{"rendered":"\n<style>\n.page-id-13347 .mex-card {flex: 1;}\n.mex-fill-greylight {background-color:#f5f5f5}\n.page-id-13347 .mex-container .mex-padding-bottom-l {padding-bottom:0!important}\n.page-id-13347 button.accordion{border-bottom: 1px solid #dcdfe2;}\n.page-id-13347 .flex1 {flex: 1 1 0%; -ms-flex: 1 1 0%}\n.page-id-13347 .stretch {align-self:stretch!important}\n<\/style>\n\n\n\n<div class=\"wp-block-columns are-vertically-aligned-center\">\n<div class=\"wp-block-column is-vertically-aligned-center\">\n<div class=\"wp-block-image mex-fluidimage\"><figure class=\"aligncenter size-large\"><img loading=\"lazy\" src=\"https:\/\/www.stepstone.de\/ueber-stepstone\/wp-content\/uploads\/2021\/03\/tablet-wide-salaryplaner-opt-1024x731.jpg\" alt=\"StepStone Gehaltsplaner auf dem Tablet\" class=\"wp-image-13361\" width=\"NaN\" height=\"NaN\" srcset=\"https:\/\/www.stepstone.de\/ueber-stepstone\/wp-content\/uploads\/2021\/03\/tablet-wide-salaryplaner-opt-1024x731.jpg 1024w, https:\/\/www.stepstone.de\/ueber-stepstone\/wp-content\/uploads\/2021\/03\/tablet-wide-salaryplaner-opt-300x214.jpg 300w, https:\/\/www.stepstone.de\/ueber-stepstone\/wp-content\/uploads\/2021\/03\/tablet-wide-salaryplaner-opt-768x548.jpg 768w, https:\/\/www.stepstone.de\/ueber-stepstone\/wp-content\/uploads\/2021\/03\/tablet-wide-salaryplaner-opt.jpg 1200w\" sizes=\"(max-width: 1024px) 100vw, 1024px\" \/><\/figure><\/div>\n<\/div>\n\n\n\n<div class=\"wp-block-column is-vertically-aligned-center\">\n<p>W\u00fcrden Sie gerne wissen, ob Sie in Ihrem aktuellen Job genug verdienen? Und ob Sie <strong>bei einem anderen Unternehmen<\/strong> f\u00fcr die gleiche Stelle vielleicht ein <strong>h\u00f6heres Gehalt erwartet<\/strong>? Dann ist unser Gehaltsplaner genau das Richtige f\u00fcr Sie, denn er gibt Ihnen Antworten auf diese Fragen und zeigt, wie Sie Ihr Gehalt aktiv beeinflussen k\u00f6nnen.<\/p>\n\n\n\n<p>F\u00fcr die H\u00f6he des Gehalts spielen verschiedene Faktoren wie die eigene Erfahrung, die Stadt oder die Gr\u00f6\u00dfe des Unternehmens eine Rolle. Um hier f\u00fcr <strong>mehr Transparenz<\/strong> zu sorgen, haben wir den Gehaltsplaner entwickelt.<\/p>\n<\/div>\n<\/div>\n\n\n\n<div style=\"height:22px\" aria-hidden=\"true\" class=\"wp-block-spacer\"><\/div>\n\n\n\n<h2 class=\"has-text-align-center\">Welche Vorteile bietet der Gehaltsplaner?<\/h2>\n\n\n\n<div style=\"height:20px\" aria-hidden=\"true\" class=\"wp-block-spacer\"><\/div>\n\n\n\n<div class=\"wp-block-columns are-vertically-aligned-top mex-grid--vertical-align-stretch\">\n<div class=\"wp-block-column is-vertically-aligned-top mex-text-center mex-card mex-padding-all-s mex-grid__unit stretch\">\n<div class=\"wp-block-image\"><figure class=\"aligncenter size-large is-resized\"><img loading=\"lazy\" src=\"https:\/\/www.stepstone.de\/content\/de\/de\/5\/projects\/productnews\/streamline-icon-single-neutral-search@140x140.svg\" alt=\"\" width=\"70\" height=\"70\"\/><\/figure><\/div>\n\n\n\n<p class=\"has-text-align-center\"><span class=\"mex-text-brand\"><strong>Den eigenen Marktwert erfahren<\/strong><\/span><\/p>\n<\/div>\n\n\n\n<div class=\"wp-block-column is-vertically-aligned-top mex-text-center mex-card mex-padding-all-s mex-grid__unit stretch\">\n<div class=\"wp-block-image\"><figure class=\"aligncenter size-large is-resized\"><img loading=\"lazy\" src=\"https:\/\/www.stepstone.de\/content\/de\/de\/5\/projects\/productnews\/streamline-icon-accounting-coins-stack@140x140.svg\" alt=\"\" width=\"70\" height=\"70\"\/><\/figure><\/div>\n\n\n\n<p class=\"has-text-align-center\"><span class=\"mex-text-brand\"><strong>Herausfinden, ob das aktuelle Gehalt angemessen ist<\/strong><\/span><\/p>\n<\/div>\n\n\n\n<div class=\"wp-block-column is-vertically-aligned-top mex-text-center mex-card mex-padding-all-s mex-grid__unit stretch\">\n<div class=\"wp-block-image\"><figure class=\"aligncenter size-large is-resized\"><img loading=\"lazy\" src=\"https:\/\/www.stepstone.de\/content\/de\/de\/5\/projects\/productnews\/streamline-icon-business-deal-handshake@140x140.svg\" alt=\"\" width=\"70\" height=\"70\"\/><\/figure><\/div>\n\n\n\n<p class=\"has-text-align-center\"><span class=\"mex-text-brand\"><strong>Optimale Grundlage f\u00fcr Gehaltsverhandlungen<\/strong><\/span><\/p>\n<\/div>\n<\/div>\n\n\n\n<div style=\"height:30px\" aria-hidden=\"true\" class=\"wp-block-spacer\"><\/div>\n\n\n\n<h2 class=\"has-text-align-left\">Wie funktioniert der Gehaltsplaner?<\/h2>\n\n\n\n<p>Als Erstes erscheint ein kleiner Fragebogen zu unterschiedlichen Angaben, wie der aktuellen beruflichen Position, der relevanten Berufserfahrung und dem Arbeitsumfeld. Nach Eingabe Ihrer Angaben ermitteln wir Ihr pers\u00f6nliches Ergebnis und zeigen Ihnen dieses im Vergleich zum Branchendurchschnitt an. Hierdurch k\u00f6nnen Sie herausfinden, ob Ihr Gehalt angemessen ist oder ob es \u00fcber oder unter dem Branchendurchschnitt liegt. Durch das Ab\u00e4ndern einzelner Parameter k\u00f6nnen Sie au\u00dferdem ganz leicht herausfinden, wie sich Ihr Gehalt ver\u00e4ndern w\u00fcrde.<\/p>\n\n\n\n<div style=\"height:60px\" aria-hidden=\"true\" class=\"wp-block-spacer\"><\/div>\n\n\n\n<div class=\"wp-block-group is-style-fullwidth-container polygon-bg mex-text-white mex-text-center\"><div class=\"wp-block-group__inner-container\">\n<div style=\"height:60px\" aria-hidden=\"true\" class=\"wp-block-spacer\"><\/div>\n\n\n\n<h2 class=\"has-text-align-center mex-text-white mex-margin-top-none\">Wo finde ich den Gehaltsplaner?<\/h2>\n\n\n\n<p class=\"has-text-align-center\">Den Gehaltsplaner finden Sie <strong>in Ihrem Profil<\/strong>. Um ihn nutzen zu k\u00f6nnen, ist ein Login bzw. eine Registrierung erforderlich.<\/p>\n\n\n\n<a class=\"mex-button\" href=\"https:\/\/www.stepstone.de\/candidate\/login?login_source=Homepage_top-login&amp;intcid=Button_productnews-salary_Login\">Zum Login<\/a>\n\n\n\n<div style=\"height:60px\" aria-hidden=\"true\" class=\"wp-block-spacer\"><\/div>\n<\/div><\/div>\n\n\n\n<div style=\"height:60px\" aria-hidden=\"true\" class=\"wp-block-spacer\"><\/div>\n\n\n\n<div class=\"wp-block-columns are-vertically-aligned-center\">\n<div class=\"wp-block-column is-vertically-aligned-center\" style=\"flex-basis:18%\">\n<div class=\"wp-block-image\"><figure class=\"aligncenter size-large is-resized\"><img loading=\"lazy\" src=\"https:\/\/www.stepstone.de\/content\/de\/de\/5\/projects\/productnews\/streamline-icon-cash-payment-bag-1@140x140.svg\" alt=\"\" width=\"105\" height=\"105\"\/><\/figure><\/div>\n<\/div>\n\n\n\n<div class=\"wp-block-column is-vertically-aligned-center\" style=\"flex-basis:82%\">\n<h2 class=\"mex-margin-top-none\">Sie w\u00fcnschen sich ein h\u00f6heres Gehalt?<\/h2>\n\n\n\n<p>Der Weg zur n\u00e4chsten Gehaltsstufe ist nur einen Klick entfernt \u2013 warten Sie nicht l\u00e4nger und <a href=\"http:\/\/stepstone.de\/gehaltsplaner?salary_planner_source=Navigation&amp;intcid=loggedin-user_profilelink_salary_104-0101-0011\">entdecken Sie noch heute unseren Gehaltsplaner!<\/a><\/p>\n<\/div>\n<\/div>\n\n\n\n<div style=\"height:30px\" aria-hidden=\"true\" class=\"wp-block-spacer\"><\/div>\n","protected":false},"excerpt":{"rendered":"<p>W\u00fcrden Sie gerne wissen, ob Sie in Ihrem aktuellen Job genug verdienen? Und ob Sie bei einem anderen Unternehmen f\u00fcr die gleiche Stelle vielleicht ein h\u00f6heres Gehalt erwartet? Dann ist unser Gehaltsplaner genau das Richtige f\u00fcr Sie, denn er gibt Ihnen Antworten auf diese Fragen und zeigt, wie Sie Ihr Gehalt aktiv beeinflussen k\u00f6nnen. F\u00fcr [&hellip;]<\/p>\n","protected":false},"author":15,"featured_media":13350,"parent":0,"menu_order":0,"comment_status":"closed","ping_status":"closed","template":"","meta":[],"yst_prominent_words":[],"_links":{"self":[{"href":"https:\/\/www.stepstone.de\/ueber-stepstone\/wp-json\/wp\/v2\/pages\/13347"}],"collection":[{"href":"https:\/\/www.stepstone.de\/ueber-stepstone\/wp-json\/wp\/v2\/pages"}],"about":[{"href":"https:\/\/www.stepstone.de\/ueber-stepstone\/wp-json\/wp\/v2\/types\/page"}],"author":[{"embeddable":true,"href":"https:\/\/www.stepstone.de\/ueber-stepstone\/wp-json\/wp\/v2\/users\/15"}],"replies":[{"embeddable":true,"href":"https:\/\/www.stepstone.de\/ueber-stepstone\/wp-json\/wp\/v2\/comments?post=13347"}],"version-history":[{"count":36,"href":"https:\/\/www.stepstone.de\/ueber-stepstone\/wp-json\/wp\/v2\/pages\/13347\/revisions"}],"predecessor-version":[{"id":15212,"href":"https:\/\/www.stepstone.de\/ueber-stepstone\/wp-json\/wp\/v2\/pages\/13347\/revisions\/15212"}],"wp:featuredmedia":[{"embeddable":true,"href":"https:\/\/www.stepstone.de\/ueber-stepstone\/wp-json\/wp\/v2\/media\/13350"}],"wp:attachment":[{"href":"https:\/\/www.stepstone.de\/ueber-stepstone\/wp-json\/wp\/v2\/media?parent=13347"}],"wp:term":[{"taxonomy":"yst_prominent_words","embeddable":true,"href":"https:\/\/www.stepstone.de\/ueber-stepstone\/wp-json\/wp\/v2\/yst_prominent_words?post=13347"}],"curies":[{"name":"wp","href":"https:\/\/api.w.org\/{rel}","templated":true}]}}