{"id":18083,"date":"2023-01-19T13:42:51","date_gmt":"2023-01-19T13:42:51","guid":{"rendered":"https:\/\/www.stepstone.de\/karriere-bewerbungstipps\/?page_id=18083"},"modified":"2025-11-21T08:43:22","modified_gmt":"2025-11-21T08:43:22","slug":"autohero-aufbereitung","status":"publish","type":"page","link":"https:\/\/www.stepstone.de\/karriere-bewerbungstipps\/company-stories\/autohero-aufbereitung\/","title":{"rendered":"Autohero Aufbereitung"},"content":{"rendered":"\n<script>\n\n    window.addEventListener(\"DOMContentLoaded\", e => {\n  \n      \/\/ Original JavaScript code by Chirp Internet: chirpinternet.eu\n      \/\/ Please acknowledge use of this code by including this header.\n  \n      document.querySelectorAll(\".fading-slideshow > li\").forEach(\n        c => c.addEventListener(\"animationend\", e => e.target.parentNode.appendChild(e.target))\n      );\n  \n    });\n  \n  <\/script>\n  <script src=\"https:\/\/code.iconify.design\/iconify-icon\/1.0.2\/iconify-icon.min.js\"><\/script>\n<link rel=\"stylesheet\" type=\"text\/css\" href=\"https:\/\/www.stepstone.de\/wp-content\/themes\/StSt-B2C\/css\/slick.min.css\">\n<link rel=\"stylesheet\" href=\"https:\/\/www.stepstone.de\/Karriere-Bewerbungstipps\/wp-content\/themes\/StSt-B2C\/css\/main.css\">\n<link rel=\"stylesheet\" href=\"https:\/\/www.stepstone.de\/Karriere-Bewerbungstipps\/wp-content\/uploads\/2019\/06\/stepstone-story.css\">\n<style>\n    #herobase {\n        display: block;\n    }\n\n    #heromobile {\n        display: none;\n    }\n    .ah-blue{\n        color: #003E70;\n    }\n    .ah-grey{\n        color: #1A1A1A;\n    }\n    .ah-orange{\n        color: #F37121;\n    }\n    .ah-blue a:hover{\n        color: #db5369;\n    }\n    .ah-strong{\n        font-weight: 700;\n    }\n    @media all and (max-width: 499px) {\n        #herobase {\n            display: none;\n        }\n\n        #heromobile {\n            display: block;\n        }\n    }\n\n    #section_stories {\n        border: 0;\n        background-color: transparent;\n    }\n\n    .custom-bg-gray {\n        background-color: #F5F5F5;\n    }\n\n    .custom-listing-card {\n        border-radius: 3px;\n        border: 1px solid #dcdfe2;\n    }\n\n    .mex-button {\n        border-color: #7AAE1A;\n    }\n\n    .mex-button:hover {\n        border-color: #7AAE1A;\n    }\n\n    .mex-button.mex-button--custom {\n        color: #ffffff;\n        font-weight: 600;\n        border-color: #7AAE1A;\n        background-color: #7AAE1A;\n    }\n\n    .mex-button.mex-button--custom:hover,\n    .mex-button.mex-button--custom:focus {\n        color: #ffffff;\n        border-color: #628b15;\n        background-color: #628b15;\n    }\n\n    .mex-button.mex-button--custom:visited {\n        color: #fff;\n        border-color: #7AAE1A;\n    }\n\n    .mex-button.mex-button--custom2 {\n    color: #ffffff;\n    font-weight: 600;\n    \n    border-color: #F37121;\n    background-color: #F37121;\n}\n\n.mex-button.mex-button--custom2:hover,\n.mex-button.mex-button--custom2:focus {\n    color: #ffffff;\n    border-color: #db5369;\n    background-color: #db5369;\n}\n\n.mex-button.mex-button--custom2:visited {\n    color: #fff;\n    border-color: #F37121;\n}\n\n    .mex-job-item {\n        height: 100%;\n    }\n\n    .custom-icon {\n        width: 80px;\n        height: auto;\n    }\n\n    @media (max-width: 768px) {\n        .custom-icon {\n            width: 60px;\n        }\n    }\n\n    .custom-icon-text {\n        border-top: 1px solid #000;\n        margin: 0 20px;\n        padding: 10px 0 0;\n    }\n\n    .custom-image-source {\n        position: relative;\n        top: -20px;\n        margin-bottom: -74px;\n        clip-path: circle(60px at center);\n        margin: 0 auto;\n    }\n\n    .custom-quotation-card {\n        height: 100%;\n        border-radius: 3px;\n        background-color: #ffffff;\n    }\n\n    @media (min-width: 768px) {\n        .custom-margin-left {\n            margin-left: 15px;\n        }\n    }\n\n    p:empty {\n        display: none;\n    }\n\n    .multiple-items.slick-initialized .slick-slide {\n        height: auto;\n        display: flex;\n        padding-left: 0;\n        min-width: 0;\n        max-width: 100%;\n        padding: 0 6px;\n    }\n\n    .slick-track {\n        display: flex;\n        min-width: 0;\n    }\n\n    .big-font-icon {\n        font-size: 1.4em;\n    }\n\n    .image-small-text {\n        font-size: .9em;\n    }\n\n    .mex-grid--gutterless {\n        margin-left: 1px;\n    }\n\n    @keyframes fader {\n    from { opacity: 1.0; }\n    to   { opacity: 0.0; }\n  }\n\n  .fading-slideshow {\n    position: relative;\n    margin: auto;\n    padding: 0;\n    list-style-type: none;\n    width: 100%;\n    height: 500px;\n  }\n  .fading-slideshow > li {\n    position: absolute;\n    left: 0;\n    top: 0;\n    width: 100%;\n    height: 100%;\n    overflow: hidden;\n    background: #fff;\n    display: flex;\n    justify-content: center;\n    align-items: center;\n  }\n\n  \/* current slide *\/\n\n  .fading-slideshow > li:first-of-type {\n    animation-name: fader;\n    animation-delay: 2s;\n    animation-duration: 1s;\n    z-index: 20;\n  }\n\n  \/* next slide to display *\/\n\n  .fading-slideshow > li:nth-of-type(2) {\n    z-index: 10;\n  }\n\n  \/* all other slides *\/\n\n  .fading-slideshow > li:nth-of-type(n+3) {\n    display: none;\n  }\n\n.mex-card {\n    border-radius: 16px; }\n  .mex-card:not(.mex-border-all-none) {\n  border: none !important;\n  box-shadow: rgba(14, 63, 126, 0.04) 0px 0px 0px 1px, rgba(42, 51, 69, 0.04) 0px 1px 1px -0.5px, rgba(42, 51, 70, 0.04) 0px 3px 3px -1.5px, rgba(42, 51, 70, 0.04) 0px 6px 6px -3px, rgba(14, 63, 126, 0.04) 0px 12px 12px -6px, rgba(14, 63, 126, 0.04) 0px 24px 24px -12px;\n \n}\n\n<\/style>\n<div style=\"max-width: 1200px; margin:auto;\">\n\n    <section class=\"mex-grid mex-grid--gutterless mex-grid--vertical-align-stretch mex-card\">\n        <div class=\"mex-grid__unit\">\n                <ul class=\"fading-slideshow\" style=\"border-radius: 16px;\">\n  <li><img decoding=\"async\" style=\"object-fit: cover; width:100%; border-radius: 16px;\" src=\"https:\/\/www.stepstone.de\/karriere-bewerbungstipps\/wp-content\/uploads\/2023\/01\/chs_ah_header1.jpg\"><\/li>\n  <li><img decoding=\"async\" style=\"object-fit: cover; width:100%; border-radius: 16px;\" src=\"https:\/\/www.stepstone.de\/karriere-bewerbungstipps\/wp-content\/uploads\/2023\/01\/chs_ah_header2.jpg\"><\/li>\n  <li><img decoding=\"async\" style=\"object-fit: cover; width:100%; border-radius: 16px;\" src=\"https:\/\/www.stepstone.de\/karriere-bewerbungstipps\/wp-content\/uploads\/2023\/01\/chs_ah_header3.jpg\"><\/li>\n  <li><img decoding=\"async\" style=\"object-fit: cover; width:100%; border-radius: 16px;\" src=\"https:\/\/www.stepstone.de\/karriere-bewerbungstipps\/wp-content\/uploads\/2023\/01\/chs_ah_header4.jpg\"><\/li>\n<\/ul>\n            \n        <\/div>\n    <\/section>\n\n    <section class=\"mex-card\">\n        <div class=\"mex-grid__unit mex-grid__unit--12of12@medium\">\n            <h2 class=\"ah-blue mex-grid__unit mex-grid__unit--12of12@medium\" style=\"padding: 45px 35px 0;\">Autohero &#8211; der innovative Online Shop f\u00fcr gepr\u00fcfte Gebrauchtwagen<\/h2>\n            <p class=\"ah-grey\" style=\"padding: 45px 35px;\">\n                Mit unserer digitalen Plattform erm\u00f6glichen wir es Kunden, sicher und transparent hochwertige Gebrauchtwagen online zu kaufen. Wir verkaufen nur Gebrauchtwagen aus unserem eigenen Bestand. Jedes Fahrzeug wird von unseren Automobilexperten gepr\u00fcft und komplett \u00fcberholt.\n\n<br><br>\nAls Teil der AUTO1 Group teilen wir die Mission, den stark fragmentierten Gebrauchtwagenmarkt in Europa zu revolutionieren. Von der Werkstatt bis zum B\u00fcro &#8211; gemeinsam arbeiten in unseren lokalen und internationalen Teams f\u00fcr das beste Autokauferlebnis.\n\n                <\/p>\n        <\/div>\n    <\/section>\n    \n\n    <section id=\"video\">\n        <div class=\"mex-card mex-grid--horizontal-align-middle\">\n            <div class=\"mex-fluidvideo\" style=\"min-height: 300px;\">\n                <iframe loading=\"lazy\" width=\"560\" height=\"315\" src=\"https:\/\/www.youtube.com\/embed\/kxxyS5A3YsM\" title=\"YouTube video player\" frameborder=\"0\" allow=\"accelerometer; autoplay; clipboard-write; encrypted-media; gyroscope; picture-in-picture\" allowfullscreen=\"\"><\/iframe>\n            <\/div>\n        <\/div>\n    <\/section> \n\n      <section class=\"mex-card\" style=\"padding: 45px 35px;\">\n        <div class=\"mex-grid__unit mex-grid__unit--12of12@medium\">\n            <h2 class=\"ah-blue mex-grid__unit mex-grid__unit--12of12@medium\">Diese Benefits erwarten dich<\/h2>\n            \n            <div class=\"mex-grid__unit  custom-div-header-image\" style=\"padding: 45px 0 0;\"><img decoding=\"async\" id=\"herobase\" style=\"max-height: 100%; min-height: 120px; width: calc(100% + 2px); object-fit: cover; margin-top: -1px; margin-left: -1px; border-radius: 4px 4px 0 0;\" src=\"https:\/\/www.stepstone.de\/karriere-bewerbungstipps\/wp-content\/uploads\/2023\/01\/chs_AH_benefits3.jpg\"><img decoding=\"async\" id=\"heromobile\" style=\"max-height: 100%; min-height: 120px; width: 100%; object-fit: cover;\" src=\"https:\/\/www.stepstone.de\/karriere-bewerbungstipps\/wp-content\/uploads\/2023\/01\/chs_AH_benefits_mobile.jpg\">\n            <\/div>\n    <\/div><\/section>\n\n    \n    <section class=\"mex-grid mex-grid--gutterless mex-grid--vertical-align-stretch mex-card\">\n        <div class=\"mex-grid  mex-grid--horizontal-align-middle\">\n            <div class=\"mex-grid__unit  custom-div-header-image mex-margin-bottom-base\"><img decoding=\"async\" id=\"herobase\" style=\"max-height: 100%; min-height: 120px; width: calc(100% + 2px); object-fit: cover; margin-top: -1px; margin-left: -1px; border-radius: 4px 4px 0 0;\" src=\"https:\/\/www.stepstone.de\/karriere-bewerbungstipps\/wp-content\/uploads\/2023\/01\/chs_ah_standorte3.jpg\"><img decoding=\"async\" id=\"heromobile\" style=\"max-height: 100%; min-height: 120px; width: 100%; object-fit: cover;\" src=\"https:\/\/www.stepstone.de\/karriere-bewerbungstipps\/wp-content\/uploads\/2023\/01\/chs_ah_standorte3.jpg\">\n            <\/div>\n            <div class=\"mex-grid__unit\">\n                <div class=\"mex-margin-bottom-s  mex-margin-bottom-base@medium  mex-margin-horizontal-s  mex-text-left\">\n                    <p style=\"padding: 35px 35px;\">Vielf\u00e4ltige Jobs in unseren neuen Aufbereitungszentren <span class=\"ah-strong\">Ketzin bei Berlin<\/span> und <span class=\"ah-strong\">Hemau bei Regensburg<\/span> bieten dir sichere Perspektiven. Egal ob schrauben, instand setzen oder erneut zum Strahlen bringen: Wenn du gern mit Autos arbeitest, haben wir das richtige Job-Angebot f\u00fcr dich!\n                    <br><br>\n                        Auf einer gemeinsamen Fl\u00e4che von \u00fcber 130.000 m\u00b2 k\u00f6nnen in unseren Aufbereitungszentren Ketzin und Hemau bei maximaler Kapazit\u00e4t j\u00e4hrlich bis zu 50.000 Fahrzeuge aufgearbeitet werden. Um dem hohen Qualit\u00e4tsstandard von Autohero gerecht zu werden, bieten unsere Standorte Platz f\u00fcr mehr als 450 Autospezialisten, die in verschiedenen Schritten arbeiten. Zu diesen Schritten geh\u00f6ren die Qualit\u00e4tskontrolle, gefolgt von der Aufbereitung, Reinigung sowie der Aufnahme von Fotos und Videos, um eine maximale Transparenz f\u00fcr unsere Kunden zu gew\u00e4hrleisten.\n                        <\/p>\n                    \n                <\/div>\n            <\/div>\n        <\/div>\n    <\/section>\n\n  \n\n  \n\n    <section class=\"mex-card\">\n        <div class=\"mex-grid mex-grid--vertical-align-middle\" style=\"max-width: 1140px; margin: 0px; background-color:#003E70\">\n            <div class=\"mex-grid__unit mex-grid__unit--6of12@medium mex-grid__unit--order-1@medium\">\n                \n                    <div class=\"mex-grid mex-grid--vertical-align-middle\">\n                        <div class=\"mex-grid mex-grid--vertical-align-stretch mex-grid--autowidth@medium\" style=\"white-space: normal; min-width:0; margin:0\">\n                            <div class=\"mex-grid__unit mex-grid__unit--12of12@medium mex-grid--horizontal-align-middle mex-padding-all-xl\" style=\"flex: none;\">\n                                \n                                \n                                    \n                                    <p class=\"custom-text-blockquote mex-text-white mex-text-l mex-text-center\">\u201eMeine Arbeit macht mir Tag f\u00fcr Tag Spa\u00df. Autos zu restaurieren ist eine Herausforderung. In unserem Team pr\u00e4gen wir zusammen die Marke Autohero mit. Ich liebe es!\u201c\n                                        <\/p>\n                                    <p class=\"mex-text-center mex-text-white\"><br><span class=\"budde-strong mex-text-xl\">Anthony<\/span><br><span class=\"mex-text-l\">Yard Assistant<\/span><\/p>\n                                    \n                                \n                            <\/div>\n                        <\/div>\n                        \n                    <\/div>\n                \n            <\/div>\n            <div class=\"mex-grid__unit mex-grid__unit--6of12@medium mex-grid__unit--order-1@medium\">\n                \n                <div class=\"mex-grid mex-grid--vertical-align-middle\">\n                    <img decoding=\"async\" src=\"https:\/\/www.stepstone.de\/karriere-bewerbungstipps\/wp-content\/uploads\/2023\/01\/chs_ah_testi2.jpg\" style=\"max-width:100%\">\n                <\/div>\n            \n        <\/div>\n        <\/div>\n    <\/section>\n\n\n\n    <section class=\"mex-card\">\n        <div class=\"mex-grid mex-grid--vertical-align-stretch\" style=\"max-width: 1140px; margin: 0px;\">\n            <div class=\"mex-grid__unit mex-grid__unit--6of12@medium mex-grid__unit--order-1@medium\">\n                \n                    <div class=\"mex-grid mex-grid--vertical-align-middle\">\n                        <img decoding=\"async\" src=\"https:\/\/www.stepstone.de\/karriere-bewerbungstipps\/wp-content\/uploads\/2023\/01\/chs_ah_refer.jpg\" style=\"max-width:100%\">\n                    <\/div>\n                \n            <\/div>\n            <div class=\"mex-grid__unit mex-grid__unit--6of12@medium mex-grid__unit--order-1@medium\">\n                <div class=\"mex-card mex-border-all-none mex-flex\" style=\"margin-bottom: 0;padding: 35px 35px;\">\n                    <div class=\"mex-grid mex-grid--vertical-align-middle\">\n                        <h2 class=\"kpmg-purple\">Bis zu 500 \u20ac Bonus f\u00fcr deine Empfehlung!<\/h2>\n                        <p>Egal ob schrauben, instand setzen oder erneut zum Strahlen bringen:<br>Du kennst  jemanden, der nach genau so einer M\u00f6glichkeit die ganze Zeit gesucht hat? Dann sichere dir jetzt deinen Empfehlungs-Bonus! \n                            <\/p> \n                        <a href=\"https:\/\/www.autohero.com\/de\/autoherowerden\/\" class=\"mex-button mex-button--custom2\" target=\"_blank\" rel=\"noopener noreferrer\">Jetzt mehr erfahren <iconify-icon inline=\"\" icon=\"material-symbols:arrow-right-alt\"><\/iconify-icon><\/a>\n                        \n                    <\/div>\n                <\/div>\n            <\/div>\n        <\/div>\n    \n    <\/section>\n\n\n<\/div>\n","protected":false},"excerpt":{"rendered":"<p>Autohero &#8211; der innovative Online Shop f\u00fcr gepr\u00fcfte Gebrauchtwagen Mit unserer digitalen Plattform erm\u00f6glichen wir es Kunden, sicher und transparent hochwertige Gebrauchtwagen online zu kaufen. Wir verkaufen nur Gebrauchtwagen aus unserem eigenen Bestand. Jedes Fahrzeug wird von unseren Automobilexperten gepr\u00fcft und komplett \u00fcberholt. Als Teil der AUTO1 Group teilen wir die Mission, den stark fragmentierten [&hellip;]<\/p>\n","protected":false},"author":54,"featured_media":0,"parent":9905,"menu_order":0,"comment_status":"closed","ping_status":"closed","template":"","meta":{"footnotes":""},"class_list":["post-18083","page","type-page","status-publish","hentry"],"yoast_head":"<!-- This site is optimized with the Yoast SEO Premium plugin v22.6 (Yoast SEO v22.6) - https:\/\/yoast.com\/wordpress\/plugins\/seo\/ -->\n<title>Autohero Aufbereitung - DE B2C<\/title>\n<meta name=\"robots\" content=\"index, follow, max-snippet:-1, max-image-preview:large, max-video-preview:-1\" \/>\n<link rel=\"canonical\" href=\"https:\/\/www.stepstone.de\/karriere-bewerbungstipps\/company-stories\/autohero-aufbereitung\/\" \/>\n<meta property=\"og:locale\" content=\"en_US\" \/>\n<meta property=\"og:type\" content=\"article\" \/>\n<meta property=\"og:title\" content=\"Autohero Aufbereitung\" \/>\n<meta property=\"og:description\" content=\"Autohero &#8211; der innovative Online Shop f\u00fcr gepr\u00fcfte Gebrauchtwagen Mit unserer digitalen Plattform erm\u00f6glichen wir es Kunden, sicher und transparent hochwertige Gebrauchtwagen online zu kaufen. Wir verkaufen nur Gebrauchtwagen aus unserem eigenen Bestand. Jedes Fahrzeug wird von unseren Automobilexperten gepr\u00fcft und komplett \u00fcberholt. Als Teil der AUTO1 Group teilen wir die Mission, den stark fragmentierten [&hellip;]\" \/>\n<meta property=\"og:url\" content=\"https:\/\/www.stepstone.de\/karriere-bewerbungstipps\/company-stories\/autohero-aufbereitung\/\" \/>\n<meta property=\"og:site_name\" content=\"DE B2C\" \/>\n<meta property=\"article:modified_time\" content=\"2025-11-21T08:43:22+00:00\" \/>\n<meta property=\"og:image\" content=\"https:\/\/www.stepstone.de\/karriere-bewerbungstipps\/wp-content\/uploads\/2023\/01\/chs_ah_header1.jpg\" \/>\n<meta name=\"twitter:card\" content=\"summary_large_image\" \/>\n<meta name=\"twitter:label1\" content=\"Est. reading time\" \/>\n\t<meta name=\"twitter:data1\" content=\"4 minutes\" \/>\n<script type=\"application\/ld+json\" class=\"yoast-schema-graph\">{\"@context\":\"https:\/\/schema.org\",\"@graph\":[{\"@type\":\"WebPage\",\"@id\":\"https:\/\/www.stepstone.de\/karriere-bewerbungstipps\/company-stories\/autohero-aufbereitung\/\",\"url\":\"https:\/\/www.stepstone.de\/karriere-bewerbungstipps\/company-stories\/autohero-aufbereitung\/\",\"name\":\"Autohero Aufbereitung - DE B2C\",\"isPartOf\":{\"@id\":\"https:\/\/www.stepstone.de\/karriere-bewerbungstipps\/#website\"},\"primaryImageOfPage\":{\"@id\":\"https:\/\/www.stepstone.de\/karriere-bewerbungstipps\/company-stories\/autohero-aufbereitung\/#primaryimage\"},\"image\":{\"@id\":\"https:\/\/www.stepstone.de\/karriere-bewerbungstipps\/company-stories\/autohero-aufbereitung\/#primaryimage\"},\"thumbnailUrl\":\"https:\/\/www.stepstone.de\/karriere-bewerbungstipps\/wp-content\/uploads\/2023\/01\/chs_ah_header1.jpg\",\"datePublished\":\"2023-01-19T13:42:51+00:00\",\"dateModified\":\"2025-11-21T08:43:22+00:00\",\"breadcrumb\":{\"@id\":\"https:\/\/www.stepstone.de\/karriere-bewerbungstipps\/company-stories\/autohero-aufbereitung\/#breadcrumb\"},\"inLanguage\":\"en-US\",\"potentialAction\":[{\"@type\":\"ReadAction\",\"target\":[\"https:\/\/www.stepstone.de\/karriere-bewerbungstipps\/company-stories\/autohero-aufbereitung\/\"]}]},{\"@type\":\"ImageObject\",\"inLanguage\":\"en-US\",\"@id\":\"https:\/\/www.stepstone.de\/karriere-bewerbungstipps\/company-stories\/autohero-aufbereitung\/#primaryimage\",\"url\":\"https:\/\/www.stepstone.de\/karriere-bewerbungstipps\/wp-content\/uploads\/2023\/01\/chs_ah_header1.jpg\",\"contentUrl\":\"https:\/\/www.stepstone.de\/karriere-bewerbungstipps\/wp-content\/uploads\/2023\/01\/chs_ah_header1.jpg\",\"width\":2500,\"height\":1201},{\"@type\":\"BreadcrumbList\",\"@id\":\"https:\/\/www.stepstone.de\/karriere-bewerbungstipps\/company-stories\/autohero-aufbereitung\/#breadcrumb\",\"itemListElement\":[{\"@type\":\"ListItem\",\"position\":1,\"name\":\"Home\",\"item\":\"https:\/\/www.stepstone.de\/karriere-bewerbungstipps\/\"},{\"@type\":\"ListItem\",\"position\":2,\"name\":\"Company Stories\",\"item\":\"https:\/\/www.stepstone.de\/karriere-bewerbungstipps\/company-stories\/\"},{\"@type\":\"ListItem\",\"position\":3,\"name\":\"Autohero Aufbereitung\"}]},{\"@type\":\"WebSite\",\"@id\":\"https:\/\/www.stepstone.de\/karriere-bewerbungstipps\/#website\",\"url\":\"https:\/\/www.stepstone.de\/karriere-bewerbungstipps\/\",\"name\":\"DE B2C\",\"description\":\"Just another WordPress site\",\"potentialAction\":[{\"@type\":\"SearchAction\",\"target\":{\"@type\":\"EntryPoint\",\"urlTemplate\":\"https:\/\/www.stepstone.de\/karriere-bewerbungstipps\/?s={search_term_string}\"},\"query-input\":\"required name=search_term_string\"}],\"inLanguage\":\"en-US\"}]}<\/script>\n<!-- \/ Yoast SEO Premium plugin. -->","yoast_head_json":{"title":"Autohero Aufbereitung - DE B2C","robots":{"index":"index","follow":"follow","max-snippet":"max-snippet:-1","max-image-preview":"max-image-preview:large","max-video-preview":"max-video-preview:-1"},"canonical":"https:\/\/www.stepstone.de\/karriere-bewerbungstipps\/company-stories\/autohero-aufbereitung\/","og_locale":"en_US","og_type":"article","og_title":"Autohero Aufbereitung","og_description":"Autohero &#8211; der innovative Online Shop f\u00fcr gepr\u00fcfte Gebrauchtwagen Mit unserer digitalen Plattform erm\u00f6glichen wir es Kunden, sicher und transparent hochwertige Gebrauchtwagen online zu kaufen. Wir verkaufen nur Gebrauchtwagen aus unserem eigenen Bestand. Jedes Fahrzeug wird von unseren Automobilexperten gepr\u00fcft und komplett \u00fcberholt. Als Teil der AUTO1 Group teilen wir die Mission, den stark fragmentierten [&hellip;]","og_url":"https:\/\/www.stepstone.de\/karriere-bewerbungstipps\/company-stories\/autohero-aufbereitung\/","og_site_name":"DE B2C","article_modified_time":"2025-11-21T08:43:22+00:00","og_image":[{"url":"https:\/\/www.stepstone.de\/karriere-bewerbungstipps\/wp-content\/uploads\/2023\/01\/chs_ah_header1.jpg"}],"twitter_card":"summary_large_image","twitter_misc":{"Est. reading time":"4 minutes"},"schema":{"@context":"https:\/\/schema.org","@graph":[{"@type":"WebPage","@id":"https:\/\/www.stepstone.de\/karriere-bewerbungstipps\/company-stories\/autohero-aufbereitung\/","url":"https:\/\/www.stepstone.de\/karriere-bewerbungstipps\/company-stories\/autohero-aufbereitung\/","name":"Autohero Aufbereitung - DE B2C","isPartOf":{"@id":"https:\/\/www.stepstone.de\/karriere-bewerbungstipps\/#website"},"primaryImageOfPage":{"@id":"https:\/\/www.stepstone.de\/karriere-bewerbungstipps\/company-stories\/autohero-aufbereitung\/#primaryimage"},"image":{"@id":"https:\/\/www.stepstone.de\/karriere-bewerbungstipps\/company-stories\/autohero-aufbereitung\/#primaryimage"},"thumbnailUrl":"https:\/\/www.stepstone.de\/karriere-bewerbungstipps\/wp-content\/uploads\/2023\/01\/chs_ah_header1.jpg","datePublished":"2023-01-19T13:42:51+00:00","dateModified":"2025-11-21T08:43:22+00:00","breadcrumb":{"@id":"https:\/\/www.stepstone.de\/karriere-bewerbungstipps\/company-stories\/autohero-aufbereitung\/#breadcrumb"},"inLanguage":"en-US","potentialAction":[{"@type":"ReadAction","target":["https:\/\/www.stepstone.de\/karriere-bewerbungstipps\/company-stories\/autohero-aufbereitung\/"]}]},{"@type":"ImageObject","inLanguage":"en-US","@id":"https:\/\/www.stepstone.de\/karriere-bewerbungstipps\/company-stories\/autohero-aufbereitung\/#primaryimage","url":"https:\/\/www.stepstone.de\/karriere-bewerbungstipps\/wp-content\/uploads\/2023\/01\/chs_ah_header1.jpg","contentUrl":"https:\/\/www.stepstone.de\/karriere-bewerbungstipps\/wp-content\/uploads\/2023\/01\/chs_ah_header1.jpg","width":2500,"height":1201},{"@type":"BreadcrumbList","@id":"https:\/\/www.stepstone.de\/karriere-bewerbungstipps\/company-stories\/autohero-aufbereitung\/#breadcrumb","itemListElement":[{"@type":"ListItem","position":1,"name":"Home","item":"https:\/\/www.stepstone.de\/karriere-bewerbungstipps\/"},{"@type":"ListItem","position":2,"name":"Company Stories","item":"https:\/\/www.stepstone.de\/karriere-bewerbungstipps\/company-stories\/"},{"@type":"ListItem","position":3,"name":"Autohero Aufbereitung"}]},{"@type":"WebSite","@id":"https:\/\/www.stepstone.de\/karriere-bewerbungstipps\/#website","url":"https:\/\/www.stepstone.de\/karriere-bewerbungstipps\/","name":"DE B2C","description":"Just another WordPress site","potentialAction":[{"@type":"SearchAction","target":{"@type":"EntryPoint","urlTemplate":"https:\/\/www.stepstone.de\/karriere-bewerbungstipps\/?s={search_term_string}"},"query-input":"required name=search_term_string"}],"inLanguage":"en-US"}]}},"_links":{"self":[{"href":"https:\/\/www.stepstone.de\/karriere-bewerbungstipps\/wp-json\/wp\/v2\/pages\/18083","targetHints":{"allow":["GET"]}}],"collection":[{"href":"https:\/\/www.stepstone.de\/karriere-bewerbungstipps\/wp-json\/wp\/v2\/pages"}],"about":[{"href":"https:\/\/www.stepstone.de\/karriere-bewerbungstipps\/wp-json\/wp\/v2\/types\/page"}],"author":[{"embeddable":true,"href":"https:\/\/www.stepstone.de\/karriere-bewerbungstipps\/wp-json\/wp\/v2\/users\/54"}],"replies":[{"embeddable":true,"href":"https:\/\/www.stepstone.de\/karriere-bewerbungstipps\/wp-json\/wp\/v2\/comments?post=18083"}],"version-history":[{"count":42,"href":"https:\/\/www.stepstone.de\/karriere-bewerbungstipps\/wp-json\/wp\/v2\/pages\/18083\/revisions"}],"predecessor-version":[{"id":22623,"href":"https:\/\/www.stepstone.de\/karriere-bewerbungstipps\/wp-json\/wp\/v2\/pages\/18083\/revisions\/22623"}],"up":[{"embeddable":true,"href":"https:\/\/www.stepstone.de\/karriere-bewerbungstipps\/wp-json\/wp\/v2\/pages\/9905"}],"wp:attachment":[{"href":"https:\/\/www.stepstone.de\/karriere-bewerbungstipps\/wp-json\/wp\/v2\/media?parent=18083"}],"curies":[{"name":"wp","href":"https:\/\/api.w.org\/{rel}","templated":true}]}}